{"id":7232,"date":"2025-09-11T18:08:05","date_gmt":"2025-09-11T21:08:05","guid":{"rendered":"https:\/\/solidrockministry.com.ar\/?page_id=7232"},"modified":"2025-09-12T02:34:31","modified_gmt":"2025-09-12T05:34:31","slug":"camp-solid-rock-invierno-25","status":"publish","type":"page","link":"https:\/\/solidrockministry.com.ar\/en\/camp-solid-rock-invierno-25\/","title":{"rendered":"CAMP SOLID ROCK INVIERNO 25"},"content":{"rendered":"<div data-elementor-type=\"wp-page\" data-elementor-id=\"7232\" class=\"elementor elementor-7232\">\n\t\t\t\t\t\t<section class=\"elementor-section elementor-top-section elementor-element elementor-element-1aa53186 elementor-section-boxed elementor-section-height-default elementor-section-height-default\" data-id=\"1aa53186\" data-element_type=\"section\" data-settings=\"{&quot;jet_parallax_layout_list&quot;:[]}\">\n\t\t\t\t\t\t<div class=\"elementor-container elementor-column-gap-default\">\n\t\t\t\t\t<div class=\"elementor-column elementor-col-100 elementor-top-column elementor-element elementor-element-39cced28\" data-id=\"39cced28\" data-element_type=\"column\">\n\t\t\t<div class=\"elementor-widget-wrap elementor-element-populated\">\n\t\t\t\t\t\t<div class=\"elementor-element elementor-element-771deb7d elementor-widget elementor-widget-spacer\" data-id=\"771deb7d\" data-element_type=\"widget\" data-widget_type=\"spacer.default\">\n\t\t\t\t<div class=\"elementor-widget-container\">\n\t\t\t\t\t\t\t<div class=\"elementor-spacer\">\n\t\t\t<div class=\"elementor-spacer-inner\"><\/div>\n\t\t<\/div>\n\t\t\t\t\t\t<\/div>\n\t\t\t\t<\/div>\n\t\t\t\t<div class=\"elementor-element elementor-element-279b849f elementor-widget elementor-widget-image\" data-id=\"279b849f\" data-element_type=\"widget\" data-widget_type=\"image.default\">\n\t\t\t\t<div class=\"elementor-widget-container\">\n\t\t\t\t\t\t\t\t\t\t\t\t\t\t\t<img decoding=\"async\" src=\"https:\/\/solidrockministry.com.ar\/wp-content\/uploads\/elementor\/thumbs\/Photoroom-20250911_180918-rbm8gvct5svq4bor7ptn6k69zw3jgmgvoovawqo5bw.png\" title=\"Photoroom-20250911_180918\" alt=\"Photoroom-20250911_180918\" loading=\"lazy\" \/>\t\t\t\t\t\t\t\t\t\t\t\t\t\t\t<\/div>\n\t\t\t\t<\/div>\n\t\t\t\t\t<\/div>\n\t\t<\/div>\n\t\t\t\t\t<\/div>\n\t\t<\/section>\n\t\t\t\t<section class=\"elementor-section elementor-top-section elementor-element elementor-element-5d76334c elementor-section-boxed elementor-section-height-default elementor-section-height-default\" data-id=\"5d76334c\" data-element_type=\"section\" data-settings=\"{&quot;jet_parallax_layout_list&quot;:[]}\">\n\t\t\t\t\t\t<div class=\"elementor-container elementor-column-gap-default\">\n\t\t\t\t\t<div class=\"elementor-column elementor-col-100 elementor-top-column elementor-element elementor-element-18edfd29\" data-id=\"18edfd29\" data-element_type=\"column\">\n\t\t\t<div class=\"elementor-widget-wrap elementor-element-populated\">\n\t\t\t\t\t\t<div class=\"elementor-element elementor-element-140b449c elementor-widget elementor-widget-spacer\" data-id=\"140b449c\" data-element_type=\"widget\" data-widget_type=\"spacer.default\">\n\t\t\t\t<div class=\"elementor-widget-container\">\n\t\t\t\t\t\t\t<div class=\"elementor-spacer\">\n\t\t\t<div class=\"elementor-spacer-inner\"><\/div>\n\t\t<\/div>\n\t\t\t\t\t\t<\/div>\n\t\t\t\t<\/div>\n\t\t\t\t<div class=\"elementor-element elementor-element-3a8ab5a8 elementor-widget__width-initial elementor-widget elementor-widget-text-editor\" data-id=\"3a8ab5a8\" data-element_type=\"widget\" data-widget_type=\"text-editor.default\">\n\t\t\t\t<div class=\"elementor-widget-container\">\n\t\t\t\t\t\t\t\t\t<h2><b>Campamento \u201cMETANOIA\u201d \u2013 Julio 2025<\/b><\/h2>\n<div><strong>&nbsp;<\/strong><\/div>\n<p data-start=\"154\" data-end=\"437\">&nbsp; &nbsp; En el mes de julio de 2025, nuestro ministerio <strong>\u00abSOLID ROCK\u00bb<\/strong> tuvo el privilegio de realizar un campamento de adolescentes, en el que participaron alrededor de 80 acampantes que vivieron una experiencia transformadora en la presencia de Dios.<\/p>\n<p data-start=\"439\" data-end=\"803\">&nbsp; &nbsp; El lema que nos acompa\u00f1\u00f3 en esta edici\u00f3n fue&nbsp;<strong data-start=\"468\" data-end=\"512\">\u201cMETANOIA: Un cambio de Mente y Coraz\u00f3n\u201d<\/strong><span data-start=\"468\" data-end=\"512\">.<\/span>&nbsp;esta palabra proviene del griego y significa <em data-start=\"562\" data-end=\"629\">cambio de mente, arrepentimiento genuino y transformaci\u00f3n de vida<\/em>. Durante todo el campamento reflexionamos sobre c\u00f3mo jes\u00fas&nbsp; perdona nuestros pecados y nos llama a una vida completamente renovada en Cristo.<\/p>\n<p data-start=\"805\" data-end=\"1055\">&nbsp; &nbsp; Basamos nuestras ense\u00f1anzas en&nbsp;<strong data-start=\"852\" data-end=\"868\">Romanos 12:2<\/strong>: <em data-start=\"870\" data-end=\"1053\">\u201c&#8230; sino transf\u00f3rmense por medio de la renovaci\u00f3n de su mente&#8230;\u00bb<\/em><\/p>\n<p data-start=\"1057\" data-end=\"1117\">&nbsp; &nbsp; Durante esos d\u00edas, los adolescentes experimentaron:<\/p>\n<ul data-start=\"1118\" data-end=\"1596\">\n<li data-start=\"1118\" data-end=\"1240\">\n<p data-start=\"1120\" data-end=\"1240\"><strong data-start=\"1120\" data-end=\"1151\"><u>Charlas y estudios b\u00edblicos<\/u><\/strong> que los desafiaron a dejar atr\u00e1s la vieja vida y abrazar la nueva identidad en Cristo.<\/p>\n<\/li>\n<li data-start=\"1241\" data-end=\"1350\">\n<p data-start=\"1243\" data-end=\"1350\"><strong data-start=\"1243\" data-end=\"1277\"><u>Momentos de adoraci\u00f3n profunda<\/u><\/strong>&nbsp;donde muchos se rindieron a Dios y dieron pasos importantes en la fe.<\/p>\n<\/li>\n<li data-start=\"1351\" data-end=\"1463\">\n<p data-start=\"1353\" data-end=\"1463\"><strong data-start=\"1353\" data-end=\"1390\"><u>Din\u00e1micas y actividades creativas<\/u><\/strong>&nbsp;pensadas para ilustrar el proceso de cambio que produce el evangelio.<\/p>\n<\/li>\n<li data-start=\"1464\" data-end=\"1596\">\n<p data-start=\"1466\" data-end=\"1596\"><strong data-start=\"1466\" data-end=\"1500\"><u>Espacios de comuni\u00f3n y amistad<\/u><\/strong>&nbsp;que fortalecieron los lazos entre los adolescentes y los animaron a caminar juntos en la fe.<\/p>\n<\/li>\n<\/ul>\n<p data-start=\"1598\" data-end=\"1920\">&nbsp; &nbsp; El campamento <b>\u201cMetanoia\u201d<\/b> fue m\u00e1s que un evento: fue un <strong data-start=\"1653\" data-end=\"1707\">encuentro con el poder transformador del evangelio<\/strong>. Muchos adolescentes testificaron haber comprendido de una manera m\u00e1s clara que seguir a Jes\u00fas no es simplemente \u201cmejorar algunas cosas\u201d, sino vivir un cambio radical que afecta la manera de pensar, sentir y actuar.<\/p>\n<p data-start=\"1922\" data-end=\"2089\">&nbsp; &nbsp; Hoy celebramos lo que Dios hizo en este tiempo y oramos para que la semilla sembrada siga dando fruto abundante en cada adolescente, en sus familias y en la iglesia.<\/p>\t\t\t\t\t\t\t\t<\/div>\n\t\t\t\t<\/div>\n\t\t\t\t\t<\/div>\n\t\t<\/div>\n\t\t\t\t\t<\/div>\n\t\t<\/section>\n\t\t\t\t<section class=\"elementor-section elementor-top-section elementor-element elementor-element-2dceef95 elementor-section-content-middle elementor-section-boxed elementor-section-height-default elementor-section-height-default\" data-id=\"2dceef95\" data-element_type=\"section\" data-settings=\"{&quot;jet_parallax_layout_list&quot;:[]}\">\n\t\t\t\t\t\t<div class=\"elementor-container elementor-column-gap-no\">\n\t\t\t\t\t<div class=\"elementor-column elementor-col-100 elementor-top-column elementor-element elementor-element-72dfb672\" data-id=\"72dfb672\" data-element_type=\"column\">\n\t\t\t<div class=\"elementor-widget-wrap elementor-element-populated\">\n\t\t\t\t\t\t<div class=\"elementor-element elementor-element-5d50d9c9 elementor-widget elementor-widget-heading\" data-id=\"5d50d9c9\" data-element_type=\"widget\" data-widget_type=\"heading.default\">\n\t\t\t\t<div class=\"elementor-widget-container\">\n\t\t\t\t\t<h2 class=\"elementor-heading-title elementor-size-default\"><b>GALER\u00cdA<\/b><\/h2>\t\t\t\t<\/div>\n\t\t\t\t<\/div>\n\t\t\t\t<div class=\"elementor-element elementor-element-5ad84652 gallery-spacing-custom elementor-widget elementor-widget-image-gallery\" data-id=\"5ad84652\" data-element_type=\"widget\" data-widget_type=\"image-gallery.default\">\n\t\t\t\t<div class=\"elementor-widget-container\">\n\t\t\t\t\t\t\t<div class=\"elementor-image-gallery\">\n\t\t\t\t\t<\/div>\n\t\t\t\t\t\t<\/div>\n\t\t\t\t<\/div>\n\t\t\t\t\t<\/div>\n\t\t<\/div>\n\t\t\t\t\t<\/div>\n\t\t<\/section>\n\t\t\t\t<\/div>","protected":false},"excerpt":{"rendered":"<p>Campamento \u201cMETANOIA\u201d \u2013 Julio 2025 &nbsp; &nbsp; &nbsp; En el mes de julio de 2025, nuestro ministerio \u00abSOLID ROCK\u00bb tuvo [&hellip;]<\/p>","protected":false},"author":2,"featured_media":0,"parent":0,"menu_order":0,"comment_status":"closed","ping_status":"closed","template":"","meta":{"site-sidebar-layout":"no-sidebar","site-content-layout":"page-builder","ast-site-content-layout":"full-width-container","site-content-style":"default","site-sidebar-style":"default","ast-global-header-display":"","ast-banner-title-visibility":"","ast-main-header-display":"","ast-hfb-above-header-display":"","ast-hfb-below-header-display":"","ast-hfb-mobile-header-display":"","site-post-title":"disabled","ast-breadcrumbs-content":"","ast-featured-img":"disabled","footer-sml-layout":"","theme-transparent-header-meta":"","adv-header-id-meta":"","stick-header-meta":"","header-above-stick-meta":"","header-main-stick-meta":"","header-below-stick-meta":"","astra-migrate-meta-layouts":"set","ast-page-background-enabled":"default","ast-page-background-meta":{"desktop":{"background-color":"","background-image":"","background-repeat":"repeat","background-position":"center center","background-size":"auto","background-attachment":"scroll","background-type":"","background-media":"","overlay-type":"","overlay-color":"","overlay-opacity":"","overlay-gradient":""},"tablet":{"background-color":"","background-image":"","background-repeat":"repeat","background-position":"center center","background-size":"auto","background-attachment":"scroll","background-type":"","background-media":"","overlay-type":"","overlay-color":"","overlay-opacity":"","overlay-gradient":""},"mobile":{"background-color":"","background-image":"","background-repeat":"repeat","background-position":"center center","background-size":"auto","background-attachment":"scroll","background-type":"","background-media":"","overlay-type":"","overlay-color":"","overlay-opacity":"","overlay-gradient":""}},"ast-content-background-meta":{"desktop":{"background-color":"var(--ast-global-color-5)","background-image":"","background-repeat":"repeat","background-position":"center center","background-size":"auto","background-attachment":"scroll","background-type":"","background-media":"","overlay-type":"","overlay-color":"","overlay-opacity":"","overlay-gradient":""},"tablet":{"background-color":"var(--ast-global-color-5)","background-image":"","background-repeat":"repeat","background-position":"center center","background-size":"auto","background-attachment":"scroll","background-type":"","background-media":"","overlay-type":"","overlay-color":"","overlay-opacity":"","overlay-gradient":""},"mobile":{"background-color":"var(--ast-global-color-5)","background-image":"","background-repeat":"repeat","background-position":"center center","background-size":"auto","background-attachment":"scroll","background-type":"","background-media":"","overlay-type":"","overlay-color":"","overlay-opacity":"","overlay-gradient":""}},"footnotes":""},"class_list":["post-7232","page","type-page","status-publish","hentry"],"_links":{"self":[{"href":"https:\/\/solidrockministry.com.ar\/en\/wp-json\/wp\/v2\/pages\/7232","targetHints":{"allow":["GET"]}}],"collection":[{"href":"https:\/\/solidrockministry.com.ar\/en\/wp-json\/wp\/v2\/pages"}],"about":[{"href":"https:\/\/solidrockministry.com.ar\/en\/wp-json\/wp\/v2\/types\/page"}],"author":[{"embeddable":true,"href":"https:\/\/solidrockministry.com.ar\/en\/wp-json\/wp\/v2\/users\/2"}],"replies":[{"embeddable":true,"href":"https:\/\/solidrockministry.com.ar\/en\/wp-json\/wp\/v2\/comments?post=7232"}],"version-history":[{"count":0,"href":"https:\/\/solidrockministry.com.ar\/en\/wp-json\/wp\/v2\/pages\/7232\/revisions"}],"wp:attachment":[{"href":"https:\/\/solidrockministry.com.ar\/en\/wp-json\/wp\/v2\/media?parent=7232"}],"curies":[{"name":"wp","href":"https:\/\/api.w.org\/{rel}","templated":true}]}}