{"id":7201,"date":"2025-09-11T15:38:33","date_gmt":"2025-09-11T18:38:33","guid":{"rendered":"https:\/\/solidrockministry.com.ar\/?page_id=7201"},"modified":"2025-09-11T21:27:36","modified_gmt":"2025-09-12T00:27:36","slug":"camp-solid-rock-verano-25","status":"publish","type":"page","link":"https:\/\/solidrockministry.com.ar\/en\/camp-solid-rock-verano-25\/","title":{"rendered":"CAMP SOLID ROCK VERANO 25"},"content":{"rendered":"<div data-elementor-type=\"wp-page\" data-elementor-id=\"7201\" class=\"elementor elementor-7201\">\n\t\t\t\t\t\t<section class=\"elementor-section elementor-top-section elementor-element elementor-element-58bb49a elementor-section-boxed elementor-section-height-default elementor-section-height-default\" data-id=\"58bb49a\" data-element_type=\"section\" data-settings=\"{&quot;jet_parallax_layout_list&quot;:[]}\">\n\t\t\t\t\t\t<div class=\"elementor-container elementor-column-gap-default\">\n\t\t\t\t\t<div class=\"elementor-column elementor-col-100 elementor-top-column elementor-element elementor-element-3f4debf\" data-id=\"3f4debf\" data-element_type=\"column\">\n\t\t\t<div class=\"elementor-widget-wrap elementor-element-populated\">\n\t\t\t\t\t\t<div class=\"elementor-element elementor-element-1d536ae elementor-widget elementor-widget-spacer\" data-id=\"1d536ae\" data-element_type=\"widget\" data-widget_type=\"spacer.default\">\n\t\t\t\t<div class=\"elementor-widget-container\">\n\t\t\t\t\t\t\t<div class=\"elementor-spacer\">\n\t\t\t<div class=\"elementor-spacer-inner\"><\/div>\n\t\t<\/div>\n\t\t\t\t\t\t<\/div>\n\t\t\t\t<\/div>\n\t\t\t\t<div class=\"elementor-element elementor-element-96b0c37 elementor-widget elementor-widget-image\" data-id=\"96b0c37\" data-element_type=\"widget\" data-widget_type=\"image.default\">\n\t\t\t\t<div class=\"elementor-widget-container\">\n\t\t\t\t\t\t\t\t\t\t\t\t\t\t\t<img fetchpriority=\"high\" decoding=\"async\" width=\"243\" height=\"300\" src=\"https:\/\/solidrockministry.com.ar\/wp-content\/uploads\/2025\/09\/LOGO-TRANSP@2x-243x300.png\" class=\"attachment-medium size-medium wp-image-7203\" alt=\"\" srcset=\"https:\/\/solidrockministry.com.ar\/wp-content\/uploads\/2025\/09\/LOGO-TRANSP@2x-243x300.png 243w, https:\/\/solidrockministry.com.ar\/wp-content\/uploads\/2025\/09\/LOGO-TRANSP@2x-830x1024.png 830w, https:\/\/solidrockministry.com.ar\/wp-content\/uploads\/2025\/09\/LOGO-TRANSP@2x-768x948.png 768w, https:\/\/solidrockministry.com.ar\/wp-content\/uploads\/2025\/09\/LOGO-TRANSP@2x-1245x1536.png 1245w, https:\/\/solidrockministry.com.ar\/wp-content\/uploads\/2025\/09\/LOGO-TRANSP@2x-10x12.png 10w, https:\/\/solidrockministry.com.ar\/wp-content\/uploads\/2025\/09\/LOGO-TRANSP@2x.png 1384w\" sizes=\"(max-width: 243px) 100vw, 243px\" \/>\t\t\t\t\t\t\t\t\t\t\t\t\t\t\t<\/div>\n\t\t\t\t<\/div>\n\t\t\t\t\t<\/div>\n\t\t<\/div>\n\t\t\t\t\t<\/div>\n\t\t<\/section>\n\t\t\t\t<section class=\"elementor-section elementor-top-section elementor-element elementor-element-54c0e9f elementor-section-boxed elementor-section-height-default elementor-section-height-default\" data-id=\"54c0e9f\" data-element_type=\"section\" data-settings=\"{&quot;jet_parallax_layout_list&quot;:[]}\">\n\t\t\t\t\t\t<div class=\"elementor-container elementor-column-gap-default\">\n\t\t\t\t\t<div class=\"elementor-column elementor-col-100 elementor-top-column elementor-element elementor-element-5bcc743\" data-id=\"5bcc743\" data-element_type=\"column\">\n\t\t\t<div class=\"elementor-widget-wrap elementor-element-populated\">\n\t\t\t\t\t\t<div class=\"elementor-element elementor-element-a925b80 elementor-widget elementor-widget-spacer\" data-id=\"a925b80\" data-element_type=\"widget\" data-widget_type=\"spacer.default\">\n\t\t\t\t<div class=\"elementor-widget-container\">\n\t\t\t\t\t\t\t<div class=\"elementor-spacer\">\n\t\t\t<div class=\"elementor-spacer-inner\"><\/div>\n\t\t<\/div>\n\t\t\t\t\t\t<\/div>\n\t\t\t\t<\/div>\n\t\t\t\t<div class=\"elementor-element elementor-element-2efca5c elementor-widget elementor-widget-text-editor\" data-id=\"2efca5c\" data-element_type=\"widget\" data-widget_type=\"text-editor.default\">\n\t\t\t\t<div class=\"elementor-widget-container\">\n\t\t\t\t\t\t\t\t\t<h2><strong>Campamento \u201cS\u00e9 Ejemplo en Todo\u201d \u2013 Febrero 2025<\/strong><\/h2>\n<div><strong>&nbsp;<\/strong><\/div>\n<p>En el mes de febrero de 2025, nuestro ministerio La Roca S\u00f3lida tuvo el enorme privilegio de llevar adelante un campamento inolvidable bajo el lema b\u00edblico:<\/p>\n<p><img decoding=\"async\" class=\"emoji\" role=\"img\" draggable=\"false\" src=\"https:\/\/s.w.org\/images\/core\/emoji\/16.0.1\/svg\/1f4d6.svg\" alt=\"\ud83d\udcd6\"> \u201cS\u00c9 EJEMPLO EN TODO\u00bb (1 Timoteo 4:12).<\/p>\n<p>Alrededor de 80 acampantes se dieron cita en este encuentro especial, donde cada actividad, ense\u00f1anza y momento de comuni\u00f3n estuvo enfocado en animar a los j\u00f3venes y adolescentes a vivir su fe con convicci\u00f3n, siendo verdaderos modelos de vida cristiana en todo lo que hacen.<\/p>\n<p>Uno de los aspectos m\u00e1s enriquecedores de este campamento fue la visita especial de hermanos de The First Baptist Church of Westerlo NY, quienes compartieron su fe, sus testimonios y servicios en las diferentes din\u00e1micas. Su participaci\u00f3n trajo un aire de unidad y nos record\u00f3 que la iglesia de Cristo trasciende fronteras, culturas e idiomas.<\/p>\n<p>Durante esos d\u00edas, experimentamos:<\/p>\n<p>Tiempos de ense\u00f1anza b\u00edblica profunda, donde fuimos desafiados a vivir como ejemplos en medio de un mundo que necesita de Cristo.<\/p>\n<p>Momentos de adoraci\u00f3n y oraci\u00f3n, en los que buscamos juntos la presencia del Se\u00f1or.<\/p>\n<p>Din\u00e1micas, deportes y actividades recreativas, que nos ayudaron a fortalecer la comuni\u00f3n y a aprender el valor de trabajar en equipo.<\/p>\n<p>Espacios de reflexi\u00f3n personal, para alinear nuestro coraz\u00f3n con el prop\u00f3sito de Dios.<\/p>\n<p>El campamento \u201cS\u00e9 Ejemplo en Todo\u201d no solo fue un evento, sino un hito espiritual en la vida de cada participante. Muchos dieron pasos firmes en su fe, renovaron su compromiso con Cristo y comprendieron que el llamado de Dios es a reflejar su amor en cada \u00e1rea de la vida.<\/p>\n<p>Hoy damos gracias a Dios por lo que hizo en este campamento, por la oportunidad de haber compartido con tantos j\u00f3venes y por la bendici\u00f3n de contar con la colaboraci\u00f3n de nuestros hermanos del extranjero. Estamos convencidos de que la semilla sembrada seguir\u00e1 dando fruto para gloria de Dios.<\/p>\t\t\t\t\t\t\t\t<\/div>\n\t\t\t\t<\/div>\n\t\t\t\t\t<\/div>\n\t\t<\/div>\n\t\t\t\t\t<\/div>\n\t\t<\/section>\n\t\t\t\t<section class=\"elementor-section elementor-top-section elementor-element elementor-element-e20ede6 elementor-section-content-middle elementor-section-boxed elementor-section-height-default elementor-section-height-default\" data-id=\"e20ede6\" data-element_type=\"section\" data-settings=\"{&quot;jet_parallax_layout_list&quot;:[]}\">\n\t\t\t\t\t\t<div class=\"elementor-container elementor-column-gap-no\">\n\t\t\t\t\t<div class=\"elementor-column elementor-col-100 elementor-top-column elementor-element elementor-element-ddc9a86\" data-id=\"ddc9a86\" data-element_type=\"column\">\n\t\t\t<div class=\"elementor-widget-wrap elementor-element-populated\">\n\t\t\t\t\t\t<div class=\"elementor-element elementor-element-e9dacbd elementor-widget elementor-widget-heading\" data-id=\"e9dacbd\" data-element_type=\"widget\" data-widget_type=\"heading.default\">\n\t\t\t\t<div class=\"elementor-widget-container\">\n\t\t\t\t\t<h2 class=\"elementor-heading-title elementor-size-default\"><b>MEJORES MOMENTOS<\/b><\/h2>\t\t\t\t<\/div>\n\t\t\t\t<\/div>\n\t\t\t\t<div class=\"elementor-element elementor-element-10230b1 gallery-spacing-custom elementor-widget elementor-widget-image-gallery\" data-id=\"10230b1\" data-element_type=\"widget\" data-widget_type=\"image-gallery.default\">\n\t\t\t\t<div class=\"elementor-widget-container\">\n\t\t\t\t\t\t\t<div class=\"elementor-image-gallery\">\n\t\t\t\t\t<\/div>\n\t\t\t\t\t\t<\/div>\n\t\t\t\t<\/div>\n\t\t\t\t\t<\/div>\n\t\t<\/div>\n\t\t\t\t\t<\/div>\n\t\t<\/section>\n\t\t\t\t<\/div>","protected":false},"excerpt":{"rendered":"<p>Campamento \u201cS\u00e9 Ejemplo en Todo\u201d \u2013 Febrero 2025 &nbsp; En el mes de febrero de 2025, nuestro ministerio La Roca [&hellip;]<\/p>","protected":false},"author":2,"featured_media":0,"parent":0,"menu_order":0,"comment_status":"closed","ping_status":"closed","template":"","meta":{"site-sidebar-layout":"no-sidebar","site-content-layout":"page-builder","ast-site-content-layout":"full-width-container","site-content-style":"default","site-sidebar-style":"default","ast-global-header-display":"","ast-banner-title-visibility":"","ast-main-header-display":"","ast-hfb-above-header-display":"","ast-hfb-below-header-display":"","ast-hfb-mobile-header-display":"","site-post-title":"disabled","ast-breadcrumbs-content":"","ast-featured-img":"disabled","footer-sml-layout":"","theme-transparent-header-meta":"","adv-header-id-meta":"","stick-header-meta":"","header-above-stick-meta":"","header-main-stick-meta":"","header-below-stick-meta":"","astra-migrate-meta-layouts":"set","ast-page-background-enabled":"default","ast-page-background-meta":{"desktop":{"background-color":"","background-image":"","background-repeat":"repeat","background-position":"center center","background-size":"auto","background-attachment":"scroll","background-type":"","background-media":"","overlay-type":"","overlay-color":"","overlay-opacity":"","overlay-gradient":""},"tablet":{"background-color":"","background-image":"","background-repeat":"repeat","background-position":"center center","background-size":"auto","background-attachment":"scroll","background-type":"","background-media":"","overlay-type":"","overlay-color":"","overlay-opacity":"","overlay-gradient":""},"mobile":{"background-color":"","background-image":"","background-repeat":"repeat","background-position":"center center","background-size":"auto","background-attachment":"scroll","background-type":"","background-media":"","overlay-type":"","overlay-color":"","overlay-opacity":"","overlay-gradient":""}},"ast-content-background-meta":{"desktop":{"background-color":"var(--ast-global-color-5)","background-image":"","background-repeat":"repeat","background-position":"center center","background-size":"auto","background-attachment":"scroll","background-type":"","background-media":"","overlay-type":"","overlay-color":"","overlay-opacity":"","overlay-gradient":""},"tablet":{"background-color":"var(--ast-global-color-5)","background-image":"","background-repeat":"repeat","background-position":"center center","background-size":"auto","background-attachment":"scroll","background-type":"","background-media":"","overlay-type":"","overlay-color":"","overlay-opacity":"","overlay-gradient":""},"mobile":{"background-color":"var(--ast-global-color-5)","background-image":"","background-repeat":"repeat","background-position":"center center","background-size":"auto","background-attachment":"scroll","background-type":"","background-media":"","overlay-type":"","overlay-color":"","overlay-opacity":"","overlay-gradient":""}},"footnotes":""},"class_list":["post-7201","page","type-page","status-publish","hentry"],"_links":{"self":[{"href":"https:\/\/solidrockministry.com.ar\/en\/wp-json\/wp\/v2\/pages\/7201","targetHints":{"allow":["GET"]}}],"collection":[{"href":"https:\/\/solidrockministry.com.ar\/en\/wp-json\/wp\/v2\/pages"}],"about":[{"href":"https:\/\/solidrockministry.com.ar\/en\/wp-json\/wp\/v2\/types\/page"}],"author":[{"embeddable":true,"href":"https:\/\/solidrockministry.com.ar\/en\/wp-json\/wp\/v2\/users\/2"}],"replies":[{"embeddable":true,"href":"https:\/\/solidrockministry.com.ar\/en\/wp-json\/wp\/v2\/comments?post=7201"}],"version-history":[{"count":0,"href":"https:\/\/solidrockministry.com.ar\/en\/wp-json\/wp\/v2\/pages\/7201\/revisions"}],"wp:attachment":[{"href":"https:\/\/solidrockministry.com.ar\/en\/wp-json\/wp\/v2\/media?parent=7201"}],"curies":[{"name":"wp","href":"https:\/\/api.w.org\/{rel}","templated":true}]}}