{"id":7189,"date":"2025-09-11T13:34:46","date_gmt":"2025-09-11T16:34:46","guid":{"rendered":"https:\/\/solidrockministry.com.ar\/?page_id=7189"},"modified":"2025-09-11T13:36:16","modified_gmt":"2025-09-11T16:36:16","slug":"declaracion-de-fe","status":"publish","type":"page","link":"https:\/\/solidrockministry.com.ar\/en\/declaracion-de-fe\/","title":{"rendered":"DECLARACI\u00d3N DE FE"},"content":{"rendered":"<div data-elementor-type=\"wp-page\" data-elementor-id=\"7189\" class=\"elementor elementor-7189\">\n\t\t\t\t\t\t<section class=\"elementor-section elementor-top-section elementor-element elementor-element-3ce58b4 elementor-section-boxed elementor-section-height-default elementor-section-height-default\" data-id=\"3ce58b4\" data-element_type=\"section\" data-settings=\"{&quot;jet_parallax_layout_list&quot;:[]}\">\n\t\t\t\t\t\t<div class=\"elementor-container elementor-column-gap-default\">\n\t\t\t\t\t<div class=\"elementor-column elementor-col-100 elementor-top-column elementor-element elementor-element-42fd1d9\" data-id=\"42fd1d9\" data-element_type=\"column\">\n\t\t\t<div class=\"elementor-widget-wrap elementor-element-populated\">\n\t\t\t\t\t\t<div class=\"elementor-element elementor-element-ced8cc2 elementor-widget-divider--view-line elementor-widget elementor-widget-divider\" data-id=\"ced8cc2\" data-element_type=\"widget\" data-widget_type=\"divider.default\">\n\t\t\t\t<div class=\"elementor-widget-container\">\n\t\t\t\t\t\t\t<div class=\"elementor-divider\">\n\t\t\t<span class=\"elementor-divider-separator\">\n\t\t\t\t\t\t<\/span>\n\t\t<\/div>\n\t\t\t\t\t\t<\/div>\n\t\t\t\t<\/div>\n\t\t\t\t\t<\/div>\n\t\t<\/div>\n\t\t\t\t\t<\/div>\n\t\t<\/section>\n\t\t\t\t<section class=\"elementor-section elementor-top-section elementor-element elementor-element-872ad09 elementor-section-boxed elementor-section-height-default elementor-section-height-default\" data-id=\"872ad09\" data-element_type=\"section\" data-settings=\"{&quot;jet_parallax_layout_list&quot;:[]}\">\n\t\t\t\t\t\t<div class=\"elementor-container elementor-column-gap-default\">\n\t\t\t\t\t<div class=\"elementor-column elementor-col-100 elementor-top-column elementor-element elementor-element-5779784\" data-id=\"5779784\" data-element_type=\"column\">\n\t\t\t<div class=\"elementor-widget-wrap elementor-element-populated\">\n\t\t\t\t\t\t<div class=\"elementor-element elementor-element-9b9458a elementor-position-top elementor-widget elementor-widget-image-box\" data-id=\"9b9458a\" data-element_type=\"widget\" data-widget_type=\"image-box.default\">\n\t\t\t\t<div class=\"elementor-widget-container\">\n\t\t\t\t\t<div class=\"elementor-image-box-wrapper\"><figure class=\"elementor-image-box-img\"><img decoding=\"async\" src=\"https:\/\/solidrockministry.com.ar\/wp-content\/plugins\/elementor\/assets\/images\/placeholder.png\" title=\"\" alt=\"\" loading=\"lazy\" \/><\/figure><div class=\"elementor-image-box-content\"><h3 class=\"elementor-image-box-title\">DECLARACI\u00d3N DE FE<\/h3><p class=\"elementor-image-box-description\"><a href=\"https:\/\/www.bible.com\/es\/bible\/compare\/MAT.7.24-25\" style=\"margin: 0px; padding: 0px; border: 0px solid; --tw-border-spacing-x: 0; --tw-border-spacing-y: 0; --tw-translate-x: 0; --tw-translate-y: 0; --tw-rotate: 0; --tw-skew-x: 0; --tw-skew-y: 0; --tw-scale-x: 1; --tw-scale-y: 1; --tw-pan-x: ; --tw-pan-y: ; --tw-pinch-zoom: ; --tw-scroll-snap-strictness: proximity; --tw-gradient-from-position: ; --tw-gradient-via-position: ; --tw-gradient-to-position: ; --tw-ordinal: ; --tw-slashed-zero: ; --tw-numeric-figure: ; --tw-numeric-spacing: ; --tw-numeric-fraction: ; --tw-ring-inset: ; --tw-ring-offset-width: 0px; --tw-ring-offset-color: #fff; --tw-ring-color: rgba(59,130,246,.5); --tw-ring-offset-shadow: 0 0 #0000; --tw-ring-shadow: 0 0 #0000; --tw-shadow: 0 0 #0000; --tw-shadow-colored: 0 0 #0000; --tw-blur: ; --tw-brightness: ; --tw-contrast: ; --tw-grayscale: ; --tw-hue-rotate: ; --tw-invert: ; --tw-saturate: ; --tw-sepia: ; --tw-drop-shadow: ; --tw-backdrop-blur: ; --tw-backdrop-brightness: ; --tw-backdrop-contrast: ; --tw-backdrop-grayscale: ; --tw-backdrop-hue-rotate: ; --tw-backdrop-invert: ; --tw-backdrop-opacity: ; --tw-backdrop-saturate: ; --tw-backdrop-sepia: ; --tw-contain-size: ; --tw-contain-layout: ; --tw-contain-paint: ; --tw-contain-style: ; color: rgb(61, 121, 194); font-family: Inter, SourceSerifPro, -apple-system, BlinkMacSystemFont, &quot;Segoe UI&quot;, Roboto, Oxygen, Ubuntu, Cantarell, &quot;Fira Sans&quot;, &quot;Droid Sans&quot;, &quot;Helvetica Neue&quot;, sans-serif; font-size: medium; text-align: start; white-space-collapse: collapse;\"><p style=\"margin-bottom: 0px; border-style: solid; --tw-border-spacing-x: 0; --tw-border-spacing-y: 0; --tw-translate-x: 0; --tw-translate-y: 0; --tw-rotate: 0; --tw-skew-x: 0; --tw-skew-y: 0; --tw-scale-x: 1; --tw-scale-y: 1; --tw-pan-x: ; --tw-pan-y: ; --tw-pinch-zoom: ; --tw-scroll-snap-strictness: proximity; --tw-gradient-from-position: ; --tw-gradient-via-position: ; --tw-gradient-to-position: ; --tw-ordinal: ; --tw-slashed-zero: ; --tw-numeric-figure: ; --tw-numeric-spacing: ; --tw-numeric-fraction: ; --tw-ring-inset: ; --tw-ring-offset-width: 0px; --tw-ring-offset-color: #fff; --tw-ring-color: rgba(59,130,246,.5); --tw-ring-offset-shadow: 0 0 #0000; --tw-ring-shadow: 0 0 #0000; --tw-shadow: 0 0 #0000; --tw-shadow-colored: 0 0 #0000; --tw-blur: ; --tw-brightness: ; --tw-contrast: ; --tw-grayscale: ; --tw-hue-rotate: ; --tw-invert: ; --tw-saturate: ; --tw-sepia: ; --tw-drop-shadow: ; --tw-backdrop-blur: ; --tw-backdrop-brightness: ; --tw-backdrop-contrast: ; --tw-backdrop-grayscale: ; --tw-backdrop-hue-rotate: ; --tw-backdrop-invert: ; --tw-backdrop-opacity: ; --tw-backdrop-saturate: ; --tw-backdrop-sepia: ; --tw-contain-size: ; --tw-contain-layout: ; --tw-contain-paint: ; --tw-contain-style: ; font-family: aktiv-grotesk, sans-serif; font-size: 1.1875rem; font-weight: 500; line-height: 1.1; --tw-text-opacity: 1; color: rgb(18, 18, 18); margin-block-end: 16px;\">\u00bbEl que escucha lo que yo ense\u00f1o y hace lo que yo digo, es como una persona precavida que construy\u00f3 su casa sobre piedra firme. Vino la lluvia, y el agua de los r\u00edos subi\u00f3 mucho, y el viento sopl\u00f3 con fuerza contra la casa. Pero la casa no se cay\u00f3, porque estaba construida sobre piedra firme.&nbsp; (Mateo 7:24-25)<\/p><\/a><\/p><\/div><\/div>\t\t\t\t<\/div>\n\t\t\t\t<\/div>\n\t\t\t\t\t<\/div>\n\t\t<\/div>\n\t\t\t\t\t<\/div>\n\t\t<\/section>\n\t\t\t\t<section class=\"elementor-section elementor-top-section elementor-element elementor-element-bf67406 elementor-section-boxed elementor-section-height-default elementor-section-height-default\" data-id=\"bf67406\" data-element_type=\"section\" data-settings=\"{&quot;jet_parallax_layout_list&quot;:[]}\">\n\t\t\t\t\t\t<div class=\"elementor-container elementor-column-gap-default\">\n\t\t\t\t\t<div class=\"elementor-column elementor-col-100 elementor-top-column elementor-element elementor-element-28e7803\" data-id=\"28e7803\" data-element_type=\"column\">\n\t\t\t<div class=\"elementor-widget-wrap elementor-element-populated\">\n\t\t\t\t\t\t<div class=\"elementor-element elementor-element-f9ea9ef elementor-widget-divider--view-line elementor-widget elementor-widget-divider\" data-id=\"f9ea9ef\" data-element_type=\"widget\" data-widget_type=\"divider.default\">\n\t\t\t\t<div class=\"elementor-widget-container\">\n\t\t\t\t\t\t\t<div class=\"elementor-divider\">\n\t\t\t<span class=\"elementor-divider-separator\">\n\t\t\t\t\t\t<\/span>\n\t\t<\/div>\n\t\t\t\t\t\t<\/div>\n\t\t\t\t<\/div>\n\t\t\t\t\t<\/div>\n\t\t<\/div>\n\t\t\t\t\t<\/div>\n\t\t<\/section>\n\t\t\t\t<section class=\"elementor-section elementor-top-section elementor-element elementor-element-7c2e60c elementor-section-boxed elementor-section-height-default elementor-section-height-default\" data-id=\"7c2e60c\" data-element_type=\"section\" data-settings=\"{&quot;jet_parallax_layout_list&quot;:[]}\">\n\t\t\t\t\t\t<div class=\"elementor-container elementor-column-gap-default\">\n\t\t\t\t\t<div class=\"elementor-column elementor-col-100 elementor-top-column elementor-element elementor-element-729f9b4\" data-id=\"729f9b4\" data-element_type=\"column\">\n\t\t\t<div class=\"elementor-widget-wrap elementor-element-populated\">\n\t\t\t\t\t\t<div class=\"elementor-element elementor-element-692ff17 elementor-widget elementor-widget-text-editor\" data-id=\"692ff17\" data-element_type=\"widget\" data-widget_type=\"text-editor.default\">\n\t\t\t\t<div class=\"elementor-widget-container\">\n\t\t\t\t\t\t\t\t\t<p><span style=\"font-style: inherit;\"><b>LAS SAGRADAS ESCRITURAS<\/b><\/span><\/p><p>Creemos que las Sagradas Escrituras, tanto del Antiguo como del Nuevo Testamento, son la Palabra de Dios plenamente inspirada por el Esp\u00edritu Santo. Afirmamos que fueron inspiradas de manera verbal y completa en sus escritos originales, por lo cual son inerrantes, infalibles y la revelaci\u00f3n suprema de Dios al ser humano. La Biblia constituye la autoridad final y suficiente en todo lo que concierne a la fe, la vida y la conducta cristiana.\u2028(2 Timoteo 3:16-17; 2 Pedro 1:20-21; Mateo 5:18; Juan 16:12-13).<\/p><p>\u00a0<\/p><p><b>LA TRINIDAD<\/b><\/p><p>Creemos en un solo Dios verdadero y eterno, que existe desde siempre en tres Personas: Padre, Hijo y Esp\u00edritu Santo. Estas tres Personas son distintas, pero de la misma esencia divina, siendo co-eternas, co-iguales en poder y gloria, y compartiendo plenamente todos los atributos y perfecciones de la Deidad.<\/p><p>(Deuteronomio 6:4; Mateo 28:19; 2 Corintios 13:14).<\/p><p>\u00a0<\/p><p><b>LA PERSONA Y LA OBRA DE CRISTO<\/b><\/p><p>\u00a0 \u00a0Creemos que el Se\u00f1or Jesucristo, el eterno Hijo de Dios, se hizo hombre, sin dejar de ser Dios, habiendo sido concebido por el Esp\u00edritu Santo y nacido de la Virgen Mar\u00eda, para que revelara a Dios y redimiera a los hombres pecadores, y para siempre contin\u00fae siendo verdadero Dios y verdadero hombre. (Juan 1:1,2,14; Mateo 1:21; Lucas 1:35)<\/p><p>\u00a0 \u00a0Creemos que el Se\u00f1or Jesucristo logr\u00f3 nuestra redenci\u00f3n a trav\u00e9s de Su muerte en la cruz como un sacrificio representativo y sustitutivo; y que nuestra justificaci\u00f3n est\u00e1 asegurada por Su resurrecci\u00f3n literal y f\u00edsica de entre los muertos. (Rom. 3:24,25; 4:24,25; I Pedro 1:3-5; 2:24; Efesios 1:7; I Corintios 15:3,4)<\/p><p>Creemos que el Se\u00f1or Jesucristo ascendi\u00f3 al cielo, y ahora es exaltado a la diestra de Dios, donde, como nuestro Sumo Sacerdote, \u00c9l cumple el ministerio de Representante, Intercesor y Abogado. (Hech. 1:9,10; Heb. 1:3; 9:24; 7:25; Romanos 8:34; I Jn. 2:1,2)<\/p><p>\u00a0<\/p><p><b>LA PERSONA Y LA OBRA DEL ESP\u00cdRITU SANTO<\/b><\/p><p>\u00a0 \u00a0Creemos que el Esp\u00edritu Santo es una Persona que convence al mundo de pecado, de justicia y de juicio; y que \u00c9l es el Agente Sobrenatural de la regeneraci\u00f3n, bautizando a todos los creyentes en el cuerpo de Cristo, morando en ellos y sell\u00e1ndolos hasta el d\u00eda de la redenci\u00f3n. (Juan 16:8-11; II Corintios 3:6-8; I Corintios 12:12-14; Romanos 8:9; Efesios 1:13,14; I Corintios 6:19)<\/p><p>\u00a0 \u00a0Creemos que \u00c9l es el Maestro Divino que gu\u00eda a los creyentes a toda la verdad; y que es el privilegio y el deber de todos los salvos ser llenos del Esp\u00edritu. (Juan 16:13; I Jn. 2:20,27; Efesios 5:18)<\/p><p>\u00a0<\/p><p><b>LA DEPRAVACI\u00d3N TOTAL DEL HOMBRE<\/b><\/p><p>\u00a0 \u00a0Creemos que el hombre fue creado a imagen y semejanza de Dios, pero que en el pecado de Ad\u00e1n la raza cay\u00f3, hered\u00f3 una naturaleza pecaminosa y se alej\u00f3 de Dios; y ese hombre es totalmente depravado y, por s\u00ed mismo, completamente incapaz de remediar su condici\u00f3n perdida. (G\u00e9n. 1:26,27; Rom. 3:22,23; 5:1,2; Ef. 2:1-3,12)<\/p><p>\u00a0<\/p><p><b>SALVACI\u00d3N<\/b><\/p><p>\u00a0 \u00a0Creemos que la salvaci\u00f3n es el don de Dios tra\u00eddo al hombre por gracia y recibido por fe personal en el Se\u00f1or Jesucristo, quien derram\u00f3 Su preciosa sangre en el Calvario y resucit\u00f3 para que nuestros pecados pudieran ser perdonados y para que pudi\u00e9ramos tener vida eterna. (Efe. 1:7; 2:8-10; II Timoteo 2:8; Juan 1:12; 1 Pedro 1:18,19)<\/p><p>\u00a0<\/p><p><b>SEGURIDAD DE SALVACION\u00a0<\/b><\/p><p>\u00a0<\/p><p>\u00a0 \u00a0Creemos que una vez salvos, todos los redimidos son guardados por el poder de Dios y, por lo tanto, est\u00e1n seguros en Cristo para siempre. (Juan 6:37-49; 10:27-30; Romanos 8:1,38,39; I Corintios 1:4-8; I Pedro 1:5; II Timoteo 1:12)<\/p><p>\u00a0 \u00a0Creemos que es el privilegio de los creyentes regocijarse en la seguridad de su salvaci\u00f3n a trav\u00e9s del testimonio de la Palabra de Dios, que sin embargo, proh\u00edbe claramente el uso de la libertad cristiana como una ocasi\u00f3n para la carne. (Rom. 13:13,14; Gal. 5:13; Tito 2:11-15)<\/p><p>\u00a0<\/p><p><b>VIDA SANTA Y SEPARADA PARA DIOS<\/b><\/p><p>\u00a0 \u00a0Creemos que todo creyente, por haber sido redimido por Cristo, est\u00e1 llamado a vivir de manera santa y digna, evitando aquello que deshonre el nombre de su Salvador y Se\u00f1or. Afirmamos que Dios ordena apartarse de toda forma de apostas\u00eda y falsedad religiosa, as\u00ed como de los placeres, pr\u00e1cticas y asociaciones que promueven el pecado y la mundanalidad. El cristiano debe, en cambio, consagrarse plenamente a Dios, reflejando su luz en medio de un mundo en tinieblas.\u2028(2 Timoteo 3:1-5; Romanos 12:1-2; 14:13; 1 Juan 2:15-17; 2 Juan 9-11; 2 Corintios 6:14\u20137:1; Efesios 5:7-11).<\/p><p>\u00a0 \u00a0Creemos que la intimidad sexual es un maravilloso regalo de Dios que solo debe expresarse entre un hombre y una mujer (como se define gen\u00e9ticamente), dentro del amor y los lazos del matrimonio (G\u00e9nesis 2:24-25; Mateo 19:4-6; 1 Corintios 7:3-5; Hebreos 13:4). Por lo tanto, creemos que cualquier otra forma de intimidad sexual es inmoral y una perversi\u00f3n del regalo de Dios. (Lev\u00edtico 18:1-30; Proverbios 6:32; 1 Corintios 6:18; Romanos 1:26-27; 1 Tesalonicenses 4:3-8)<\/p><p>\u00a0<\/p><p><b>GRAN COMISI\u00d3N<\/b><\/p><p>\u00a0 \u00a0Creemos que todo creyente ha sido llamado a dar testimonio de Cristo con su vida y con sus palabras, anunciando fielmente las verdades de las Sagradas Escrituras. Afirmamos que la Iglesia, como cuerpo de Cristo, tiene la responsabilidad de obedecer el mandato del Se\u00f1or de ir y hacer disc\u00edpulos en todas las naciones, proclamando el Evangelio a toda la humanidad para la gloria de Dios.\u2028(Mateo 28:19-20; Marcos 16:15; Hechos 1:8; Romanos 10:14-15).<\/p><p>\u00a0<\/p><p><b>EL MINISTERIO Y LOS DONES ESPIRITUALES<\/b><\/p><p>\u00a0 \u00a0Creemos que Dios, en su soberan\u00eda, otorga dones espirituales a los creyentes para la edificaci\u00f3n y unidad del Cuerpo de Cristo. Entre ellos, los ministerios de evangelistas, pastores y maestros son dados para el perfeccionamiento de los santos y el crecimiento de la Iglesia. Asimismo, dones como la fe, el servicio, la ense\u00f1anza, la exhortaci\u00f3n, el dar, la direcci\u00f3n y la misericordia son concedidos para que cada creyente sirva al Se\u00f1or seg\u00fan la medida de gracia recibida. Cada cristiano debe depender de Dios para reconocer, ejercitar y desarrollar los dones que \u00c9l ha dado.\u2028(Romanos 12:3-8; 1 Corintios 12:4-11, 27-31; Efesios 4:7-12).<\/p><p>\u00a0 \u00a0Creemos que los dones de se\u00f1ales, tales como el oficio apost\u00f3lico, la profec\u00eda revelatoria, el hablar en lenguas y su interpretaci\u00f3n, as\u00ed como los dones de sanidades y de revelaci\u00f3n especial, tuvieron un prop\u00f3sito temporal en la era apost\u00f3lica, confirmando el mensaje del Evangelio en los inicios de la Iglesia, y cesaron al completarse el canon del Nuevo Testamento y establecerse su autoridad.\u2028(1 Corintios 13:8-10; 2 Corintios 12:12; Marcos 16:20; Hebreos 2:3-4).<\/p><p>\u00a0 \u00a0Creemos que los oficios de pastor y anciano en la Iglesia son establecidos por Dios y est\u00e1n reservados a hombres que cumplan con los requisitos b\u00edblicos de car\u00e1cter, madurez y fidelidad en la Palabra.\u2028(1 Timoteo 2:12; 3:1-7; Tito 1:5-9).<\/p><p>Creemos tambi\u00e9n que Dios escucha y responde la oraci\u00f3n de fe conforme a su voluntad, trayendo consuelo, fortaleza y, cuando as\u00ed lo determina, sanidad a los enfermos y afligidos.\u2028(Juan 15:7; 1 Juan 5:14-15; Santiago 5:14-15).<\/p><p>\u00a0<\/p><p><b>LA IGLESIA<\/b><\/p><p>\u00a0 \u00a0Creemos que la Iglesia es el cuerpo de Cristo y su esposa amada, un organismo espiritual compuesto por todos los que han nacido de nuevo en esta era por la obra del Esp\u00edritu Santo.\u2028(Efesios 1:19-23; 5:25-27; 1 Corintios 12:12-14; 2 Corintios 11:2).<\/p><p>\u00a0 \u00a0Creemos que las Escrituras del Nuevo Testamento ense\u00f1an y establecen claramente la importancia de las iglesias locales como expresi\u00f3n visible de la Iglesia universal. Por ello, todo creyente debe comprometerse con una congregaci\u00f3n b\u00edblica, donde pueda crecer, servir y participar en la misi\u00f3n del Evangelio.\u2028(Hechos 14:27; 20:17,28-32; 1 Timoteo 3:1-13; Tito 1:5-11).<\/p><p>\u00a0 \u00a0Creemos en la autonom\u00eda de la iglesia local libre de cualquier autoridad o control externo. (Hechos 13:1-4; 15:19-31; 20:28; Romanos 16:1,4; I Corintios 3:9,16; 5:4-7,13; I Pedro 5:1-4)<\/p><p>\u00a0 \u00a0Reconocemos las ordenanzas del bautismo en agua del creyente y la Cena del Se\u00f1or como un medio b\u00edblico de testimonio para la Iglesia en esta \u00e9poca. (Mateo 28:19,20; Hechos 2:41,42; 18:8; I Corintios 11:23-26)<\/p><p>\u00a0<\/p><p><b>DISPENSACIONES<\/b><\/p><p>\u00a0 \u00a0Creemos que las Sagradas Escrituras, interpretadas en su sentido natural y literal, revelan distintas dispensaciones o mayordom\u00edas divinamente establecidas, en las cuales Dios ha administrado su prop\u00f3sito soberano para la humanidad a lo largo de la historia.<\/p><p>\u00a0 \u00a0Estas dispensaciones no representan diferentes caminos de salvaci\u00f3n \u2014pues siempre ha sido solo por gracia mediante la fe en Cristo\u2014, sino diferentes responsabilidades y pruebas del hombre ante Dios en cada \u00e9poca.<\/p><p>\u00a0 \u00a0Entre ellas, tres reciben especial desarrollo en la revelaci\u00f3n b\u00edblica:<\/p><p>* La era de la Ley, donde Dios mostr\u00f3 su santidad y el pecado del hombre.\u2028<\/p><p>* La era de la Iglesia, en la que vivimos actualmente bajo la gracia y la obra del Esp\u00edritu Santo.\u2028<\/p><p>* La era del Reino Milenial, en la que Cristo reinar\u00e1 visiblemente sobre la tierra en justicia y paz.\u2028<\/p><p>(Juan 1:17; 2 Corintios 3:9-18; G\u00e1latas 3:13-25; Efesios 1:10; 3:2-10; Colosenses 1:24-25; Hebreos 7:19; Apocalipsis 20:2-6).<\/p><p>\u00a0<\/p><p><b>SATAN\u00c1S<\/b><\/p><p>\u00a0 \u00a0Creemos que Satan\u00e1s es una persona real, el autor del pecado y la causa de la ca\u00edda de la humanidad. Es el enemigo declarado de Dios y del hombre, siempre en oposici\u00f3n a Su obra redentora, enga\u00f1ando, tentando y promoviendo el mal en el mundo. Finalmente, Satan\u00e1s ser\u00e1 juzgado y castigado eternamente en el Lago de Fuego, donde su poder ser\u00e1 completamente destruido.\u2028(Job 1:6-7; Isa\u00edas 14:12-17; Ezequiel 28:12-19; Mateo 4:1-11; 25:41; Apocalipsis 20:10).<\/p><p>\u00a0<\/p><p><b>LA SEGUNDA VENIDA DE CRISTO<\/b><\/p><p>\u00a0 \u00a0Creemos en esa \u00abBendita Esperanza\u00bb, la venida personal, inminente, previa a la tribulaci\u00f3n y premilenial del Se\u00f1or Jesucristo por Sus redimidos; y en Su posterior regreso a la tierra, con Sus santos, para establecer Su Reino Milenario. (Zacar\u00edas 14:4-11; Apocalipsis 19:11-16; 20:1-6; I Tesalonicenses 1:10; 4:13-18; 5:9; Apocalipsis 3:10)<\/p><p>\u00a0<\/p><p><b>EL ESTADO ETERNO<\/b><\/p><p>\u00a0 \u00a0Creemos en la resurrecci\u00f3n corporal de todos los hombres; los salvos a la vida eterna, y los no salvos al juicio y al castigo eterno. (Mateo 25:46; Juan 5:28,29; 11:25,26; Apocalipsis 20:5,6,12,13)<\/p><p>\u00a0 \u00a0Creemos que las almas de los redimidos est\u00e1n, al morir, ausentes del cuerpo y presentes con el Se\u00f1or, donde en felicidad consciente esperan la primera resurrecci\u00f3n, cuando el esp\u00edritu, el alma y el cuerpo se re\u00fanen para ser glorificados para siempre con el Se\u00f1or. (Lc. 23:43; Rev. 20:4-6; II Corintios 5:8; Filipenses 1:23; 3:20,21; I Tesalonicenses 4:16,17)<\/p><p>\u00a0 \u00a0Creemos que las almas de los incr\u00e9dulos permanecen, despu\u00e9s de la muerte, en la miseria consciente hasta la segunda resurrecci\u00f3n cuando, con el alma y el cuerpo reunidos, aparecer\u00e1n en el Juicio del Gran Trono Blanco, y ser\u00e1n arrojados al Lago de Fuego, no para ser aniquilados, sino para sufrir un castigo consciente eterno. (Lucas 16:19-26; Mateo 25:41-46; II Tesalonicenses 1:7-9; Judas 6,7; Marcos 9:43-48; Apocalipsis 20:11-15)<\/p>\t\t\t\t\t\t\t\t<\/div>\n\t\t\t\t<\/div>\n\t\t\t\t\t<\/div>\n\t\t<\/div>\n\t\t\t\t\t<\/div>\n\t\t<\/section>\n\t\t\t\t<section class=\"elementor-section elementor-top-section elementor-element elementor-element-0c90b3c elementor-section-boxed elementor-section-height-default elementor-section-height-default\" data-id=\"0c90b3c\" data-element_type=\"section\" data-settings=\"{&quot;jet_parallax_layout_list&quot;:[]}\">\n\t\t\t\t\t\t<div class=\"elementor-container elementor-column-gap-default\">\n\t\t\t\t\t<div class=\"elementor-column elementor-col-100 elementor-top-column elementor-element elementor-element-74fed33\" data-id=\"74fed33\" data-element_type=\"column\">\n\t\t\t<div class=\"elementor-widget-wrap elementor-element-populated\">\n\t\t\t\t\t\t<div class=\"elementor-element elementor-element-ea5092e elementor-widget elementor-widget-button\" data-id=\"ea5092e\" data-element_type=\"widget\" data-widget_type=\"button.default\">\n\t\t\t\t<div class=\"elementor-widget-container\">\n\t\t\t\t\t\t\t\t\t<div class=\"elementor-button-wrapper\">\n\t\t\t\t\t<a class=\"elementor-button elementor-button-link elementor-size-sm\" href=\"https:\/\/solidrockministry.com.ar\/en\/\">\n\t\t\t\t\t\t<span class=\"elementor-button-content-wrapper\">\n\t\t\t\t\t\t\t\t\t<span class=\"elementor-button-text\">VOLVER AL INICIO<\/span>\n\t\t\t\t\t<\/span>\n\t\t\t\t\t<\/a>\n\t\t\t\t<\/div>\n\t\t\t\t\t\t\t\t<\/div>\n\t\t\t\t<\/div>\n\t\t\t\t\t<\/div>\n\t\t<\/div>\n\t\t\t\t\t<\/div>\n\t\t<\/section>\n\t\t\t\t<\/div>","protected":false},"excerpt":{"rendered":"<p>DECLARACI\u00d3N DE FE \u00bbEl que escucha lo que yo ense\u00f1o y hace lo que yo digo, es como una persona [&hellip;]<\/p>","protected":false},"author":2,"featured_media":0,"parent":0,"menu_order":0,"comment_status":"closed","ping_status":"closed","template":"","meta":{"site-sidebar-layout":"no-sidebar","site-content-layout":"page-builder","ast-site-content-layout":"full-width-container","site-content-style":"default","site-sidebar-style":"default","ast-global-header-display":"","ast-banner-title-visibility":"","ast-main-header-display":"","ast-hfb-above-header-display":"","ast-hfb-below-header-display":"","ast-hfb-mobile-header-display":"","site-post-title":"disabled","ast-breadcrumbs-content":"","ast-featured-img":"disabled","footer-sml-layout":"","theme-transparent-header-meta":"","adv-header-id-meta":"","stick-header-meta":"","header-above-stick-meta":"","header-main-stick-meta":"","header-below-stick-meta":"","astra-migrate-meta-layouts":"set","ast-page-background-enabled":"default","ast-page-background-meta":{"desktop":{"background-color":"","background-image":"","background-repeat":"repeat","background-position":"center center","background-size":"auto","background-attachment":"scroll","background-type":"","background-media":"","overlay-type":"","overlay-color":"","overlay-opacity":"","overlay-gradient":""},"tablet":{"background-color":"","background-image":"","background-repeat":"repeat","background-position":"center center","background-size":"auto","background-attachment":"scroll","background-type":"","background-media":"","overlay-type":"","overlay-color":"","overlay-opacity":"","overlay-gradient":""},"mobile":{"background-color":"","background-image":"","background-repeat":"repeat","background-position":"center center","background-size":"auto","background-attachment":"scroll","background-type":"","background-media":"","overlay-type":"","overlay-color":"","overlay-opacity":"","overlay-gradient":""}},"ast-content-background-meta":{"desktop":{"background-color":"var(--ast-global-color-5)","background-image":"","background-repeat":"repeat","background-position":"center center","background-size":"auto","background-attachment":"scroll","background-type":"","background-media":"","overlay-type":"","overlay-color":"","overlay-opacity":"","overlay-gradient":""},"tablet":{"background-color":"var(--ast-global-color-5)","background-image":"","background-repeat":"repeat","background-position":"center center","background-size":"auto","background-attachment":"scroll","background-type":"","background-media":"","overlay-type":"","overlay-color":"","overlay-opacity":"","overlay-gradient":""},"mobile":{"background-color":"var(--ast-global-color-5)","background-image":"","background-repeat":"repeat","background-position":"center center","background-size":"auto","background-attachment":"scroll","background-type":"","background-media":"","overlay-type":"","overlay-color":"","overlay-opacity":"","overlay-gradient":""}},"footnotes":""},"class_list":["post-7189","page","type-page","status-publish","hentry"],"_links":{"self":[{"href":"https:\/\/solidrockministry.com.ar\/en\/wp-json\/wp\/v2\/pages\/7189","targetHints":{"allow":["GET"]}}],"collection":[{"href":"https:\/\/solidrockministry.com.ar\/en\/wp-json\/wp\/v2\/pages"}],"about":[{"href":"https:\/\/solidrockministry.com.ar\/en\/wp-json\/wp\/v2\/types\/page"}],"author":[{"embeddable":true,"href":"https:\/\/solidrockministry.com.ar\/en\/wp-json\/wp\/v2\/users\/2"}],"replies":[{"embeddable":true,"href":"https:\/\/solidrockministry.com.ar\/en\/wp-json\/wp\/v2\/comments?post=7189"}],"version-history":[{"count":0,"href":"https:\/\/solidrockministry.com.ar\/en\/wp-json\/wp\/v2\/pages\/7189\/revisions"}],"wp:attachment":[{"href":"https:\/\/solidrockministry.com.ar\/en\/wp-json\/wp\/v2\/media?parent=7189"}],"curies":[{"name":"wp","href":"https:\/\/api.w.org\/{rel}","templated":true}]}}