{"id":7171,"date":"2025-09-11T13:11:03","date_gmt":"2025-09-11T16:11:03","guid":{"rendered":"https:\/\/solidrockministry.com.ar\/?page_id=7171"},"modified":"2025-09-11T13:18:06","modified_gmt":"2025-09-11T16:18:06","slug":"quienes-somos-2","status":"publish","type":"page","link":"https:\/\/solidrockministry.com.ar\/en\/quienes-somos-2\/","title":{"rendered":"QUIENES SOMOS"},"content":{"rendered":"<div data-elementor-type=\"wp-page\" data-elementor-id=\"7171\" class=\"elementor elementor-7171\">\n\t\t\t\t\t\t<section class=\"elementor-section elementor-top-section elementor-element elementor-element-bf6fa3d elementor-section-boxed elementor-section-height-default elementor-section-height-default\" data-id=\"bf6fa3d\" data-element_type=\"section\" data-settings=\"{&quot;jet_parallax_layout_list&quot;:[]}\">\n\t\t\t\t\t\t<div class=\"elementor-container elementor-column-gap-default\">\n\t\t\t\t\t<div class=\"elementor-column elementor-col-100 elementor-top-column elementor-element elementor-element-2f38802\" data-id=\"2f38802\" data-element_type=\"column\">\n\t\t\t<div class=\"elementor-widget-wrap\">\n\t\t\t\t\t\t\t<\/div>\n\t\t<\/div>\n\t\t\t\t\t<\/div>\n\t\t<\/section>\n\t\t\t\t<section class=\"elementor-section elementor-top-section elementor-element elementor-element-6636d5a elementor-section-boxed elementor-section-height-default elementor-section-height-default\" data-id=\"6636d5a\" data-element_type=\"section\" data-settings=\"{&quot;jet_parallax_layout_list&quot;:[]}\">\n\t\t\t\t\t\t<div class=\"elementor-container elementor-column-gap-default\">\n\t\t\t\t\t<div class=\"elementor-column elementor-col-100 elementor-top-column elementor-element elementor-element-cae26f4\" data-id=\"cae26f4\" data-element_type=\"column\">\n\t\t\t<div class=\"elementor-widget-wrap\">\n\t\t\t\t\t\t\t<\/div>\n\t\t<\/div>\n\t\t\t\t\t<\/div>\n\t\t<\/section>\n\t\t\t\t<section class=\"elementor-section elementor-top-section elementor-element elementor-element-c791565 elementor-section-boxed elementor-section-height-default elementor-section-height-default\" data-id=\"c791565\" data-element_type=\"section\" data-settings=\"{&quot;jet_parallax_layout_list&quot;:[]}\">\n\t\t\t\t\t\t<div class=\"elementor-container elementor-column-gap-default\">\n\t\t\t\t\t<div class=\"elementor-column elementor-col-100 elementor-top-column elementor-element elementor-element-86c2254\" data-id=\"86c2254\" data-element_type=\"column\">\n\t\t\t<div class=\"elementor-widget-wrap\">\n\t\t\t\t\t\t\t<\/div>\n\t\t<\/div>\n\t\t\t\t\t<\/div>\n\t\t<\/section>\n\t\t\t\t<section class=\"elementor-section elementor-top-section elementor-element elementor-element-74a4339f elementor-section-content-middle elementor-reverse-mobile elementor-section-boxed elementor-section-height-default elementor-section-height-default\" data-id=\"74a4339f\" data-element_type=\"section\" data-settings=\"{&quot;jet_parallax_layout_list&quot;:[]}\">\n\t\t\t\t\t\t<div class=\"elementor-container elementor-column-gap-no\">\n\t\t\t\t\t<div class=\"elementor-column elementor-col-50 elementor-top-column elementor-element elementor-element-48d4fc10\" data-id=\"48d4fc10\" data-element_type=\"column\">\n\t\t\t<div class=\"elementor-widget-wrap elementor-element-populated\">\n\t\t\t\t\t\t<div class=\"elementor-element elementor-element-2ae7ff09 elementor-widget elementor-widget-heading\" data-id=\"2ae7ff09\" data-element_type=\"widget\" data-widget_type=\"heading.default\">\n\t\t\t\t<div class=\"elementor-widget-container\">\n\t\t\t\t\t<h4 class=\"elementor-heading-title elementor-size-default\">\u00bfQUI\u00c9NES SOMOS?<span style=\"font-style: inherit\"><\/span><\/h4>\t\t\t\t<\/div>\n\t\t\t\t<\/div>\n\t\t\t\t<div class=\"elementor-element elementor-element-d72fe9d elementor-widget elementor-widget-text-editor\" data-id=\"d72fe9d\" data-element_type=\"widget\" data-widget_type=\"text-editor.default\">\n\t\t\t\t<div class=\"elementor-widget-container\">\n\t\t\t\t\t\t\t\t\t<p data-start=\"193\" data-end=\"418\"><strong data-start=\"193\" data-end=\"207\">SOLID ROCK<\/strong> es un ministerio cristiano dedicado a transformar vidas a trav\u00e9s de la fe en Cristo. Trabajamos con ni\u00f1os, adolescentes y j\u00f3venes en contextos desafiantes, compartiendo valores cristianos y sembrando esperanza.<\/p>\n<p data-start=\"420\" data-end=\"636\">Creemos que <strong data-start=\"432\" data-end=\"464\">Cristo es nuestra roca firme<\/strong> y todo lo que hacemos busca reflejar Su amor, verdad y justicia. Inspirados en Mateo 7:24, construimos sobre un fundamento s\u00f3lido para impactar vidas con prop\u00f3sito eterno.<\/p>\n<p data-start=\"638\" data-end=\"691\"><strong data-start=\"638\" data-end=\"691\">Nuestra misi\u00f3n se desarrolla en tres \u00e1reas clave:<\/strong><\/p>\n<ul data-start=\"693\" data-end=\"1114\">\n<li data-start=\"693\" data-end=\"834\">\n<p data-start=\"695\" data-end=\"834\"><strong data-start=\"695\" data-end=\"723\">Formaci\u00f3n y Campamentos:<\/strong> Creamos experiencias que fortalecen el car\u00e1cter, desarrollan liderazgo y dejan una huella espiritual profunda.<\/p>\n<\/li>\n<li data-start=\"835\" data-end=\"980\">\n<p data-start=\"837\" data-end=\"980\"><strong data-start=\"837\" data-end=\"867\">Proyectos de ayuda social:<\/strong> Llevamos apoyo material y espiritual a comunidades vulnerables, compartiendo el amor de Dios de manera pr\u00e1ctica.<\/p>\n<\/li>\n<li data-start=\"981\" data-end=\"1114\">\n<p data-start=\"983\" data-end=\"1114\"><strong data-start=\"983\" data-end=\"1012\">Apoyo a iglesias locales:<\/strong> Colaboramos con congregaciones peque\u00f1as, ayud\u00e1ndolas a crecer y multiplicar el alcance del Evangelio.<\/p>\n<\/li>\n<\/ul>\n<p data-start=\"1116\" data-end=\"1312\">Con pasi\u00f3n, excelencia y el apoyo de colaboradores comprometidos, seguimos avanzando en la expansi\u00f3n del Reino de Dios. Cada vida tocada es una oportunidad de edificar sobre la roca que es Cristo.<\/p>\t\t\t\t\t\t\t\t<\/div>\n\t\t\t\t<\/div>\n\t\t\t\t<div class=\"elementor-element elementor-element-617fce65 elementor-widget elementor-widget-button\" data-id=\"617fce65\" data-element_type=\"widget\" data-widget_type=\"button.default\">\n\t\t\t\t<div class=\"elementor-widget-container\">\n\t\t\t\t\t\t\t\t\t<div class=\"elementor-button-wrapper\">\n\t\t\t\t\t<a class=\"elementor-button elementor-button-link elementor-size-sm elementor-animation-grow\" href=\"https:\/\/solidrockministry.com.ar\/en\/\">\n\t\t\t\t\t\t<span class=\"elementor-button-content-wrapper\">\n\t\t\t\t\t\t\t\t\t<span class=\"elementor-button-text\">INCIO<\/span>\n\t\t\t\t\t<\/span>\n\t\t\t\t\t<\/a>\n\t\t\t\t<\/div>\n\t\t\t\t\t\t\t\t<\/div>\n\t\t\t\t<\/div>\n\t\t\t\t\t<\/div>\n\t\t<\/div>\n\t\t\t\t<div class=\"elementor-column elementor-col-50 elementor-top-column elementor-element elementor-element-3dd80975\" data-id=\"3dd80975\" data-element_type=\"column\">\n\t\t\t<div class=\"elementor-widget-wrap elementor-element-populated\">\n\t\t\t\t\t\t<div class=\"elementor-element elementor-element-588e580e elementor-widget elementor-widget-image\" data-id=\"588e580e\" data-element_type=\"widget\" data-widget_type=\"image.default\">\n\t\t\t\t<div class=\"elementor-widget-container\">\n\t\t\t\t\t\t\t\t\t\t\t\t\t\t\t<img fetchpriority=\"high\" decoding=\"async\" width=\"1239\" height=\"1600\" src=\"https:\/\/solidrockministry.com.ar\/wp-content\/uploads\/2025\/09\/ecfce51e-90aa-4f50-898f-3cd6ceb42ebf.jpeg\" class=\"attachment-full size-full wp-image-7185\" alt=\"\" srcset=\"https:\/\/solidrockministry.com.ar\/wp-content\/uploads\/2025\/09\/ecfce51e-90aa-4f50-898f-3cd6ceb42ebf.jpeg 1239w, https:\/\/solidrockministry.com.ar\/wp-content\/uploads\/2025\/09\/ecfce51e-90aa-4f50-898f-3cd6ceb42ebf-232x300.jpeg 232w, https:\/\/solidrockministry.com.ar\/wp-content\/uploads\/2025\/09\/ecfce51e-90aa-4f50-898f-3cd6ceb42ebf-793x1024.jpeg 793w, https:\/\/solidrockministry.com.ar\/wp-content\/uploads\/2025\/09\/ecfce51e-90aa-4f50-898f-3cd6ceb42ebf-768x992.jpeg 768w, https:\/\/solidrockministry.com.ar\/wp-content\/uploads\/2025\/09\/ecfce51e-90aa-4f50-898f-3cd6ceb42ebf-1189x1536.jpeg 1189w, https:\/\/solidrockministry.com.ar\/wp-content\/uploads\/2025\/09\/ecfce51e-90aa-4f50-898f-3cd6ceb42ebf-9x12.jpeg 9w\" sizes=\"(max-width: 1239px) 100vw, 1239px\" \/>\t\t\t\t\t\t\t\t\t\t\t\t\t\t\t<\/div>\n\t\t\t\t<\/div>\n\t\t\t\t\t<\/div>\n\t\t<\/div>\n\t\t\t\t\t<\/div>\n\t\t<\/section>\n\t\t\t\t<\/div>","protected":false},"excerpt":{"rendered":"<p>\u00bfQUI\u00c9NES SOMOS? SOLID ROCK es un ministerio cristiano dedicado a transformar vidas a trav\u00e9s de la fe en Cristo. Trabajamos [&hellip;]<\/p>","protected":false},"author":2,"featured_media":0,"parent":0,"menu_order":0,"comment_status":"closed","ping_status":"closed","template":"","meta":{"site-sidebar-layout":"no-sidebar","site-content-layout":"page-builder","ast-site-content-layout":"full-width-container","site-content-style":"default","site-sidebar-style":"default","ast-global-header-display":"","ast-banner-title-visibility":"","ast-main-header-display":"","ast-hfb-above-header-display":"","ast-hfb-below-header-display":"","ast-hfb-mobile-header-display":"","site-post-title":"disabled","ast-breadcrumbs-content":"","ast-featured-img":"disabled","footer-sml-layout":"","theme-transparent-header-meta":"","adv-header-id-meta":"","stick-header-meta":"","header-above-stick-meta":"","header-main-stick-meta":"","header-below-stick-meta":"","astra-migrate-meta-layouts":"set","ast-page-background-enabled":"default","ast-page-background-meta":{"desktop":{"background-color":"","background-image":"","background-repeat":"repeat","background-position":"center center","background-size":"auto","background-attachment":"scroll","background-type":"","background-media":"","overlay-type":"","overlay-color":"","overlay-opacity":"","overlay-gradient":""},"tablet":{"background-color":"","background-image":"","background-repeat":"repeat","background-position":"center center","background-size":"auto","background-attachment":"scroll","background-type":"","background-media":"","overlay-type":"","overlay-color":"","overlay-opacity":"","overlay-gradient":""},"mobile":{"background-color":"","background-image":"","background-repeat":"repeat","background-position":"center center","background-size":"auto","background-attachment":"scroll","background-type":"","background-media":"","overlay-type":"","overlay-color":"","overlay-opacity":"","overlay-gradient":""}},"ast-content-background-meta":{"desktop":{"background-color":"var(--ast-global-color-5)","background-image":"","background-repeat":"repeat","background-position":"center center","background-size":"auto","background-attachment":"scroll","background-type":"","background-media":"","overlay-type":"","overlay-color":"","overlay-opacity":"","overlay-gradient":""},"tablet":{"background-color":"var(--ast-global-color-5)","background-image":"","background-repeat":"repeat","background-position":"center center","background-size":"auto","background-attachment":"scroll","background-type":"","background-media":"","overlay-type":"","overlay-color":"","overlay-opacity":"","overlay-gradient":""},"mobile":{"background-color":"var(--ast-global-color-5)","background-image":"","background-repeat":"repeat","background-position":"center center","background-size":"auto","background-attachment":"scroll","background-type":"","background-media":"","overlay-type":"","overlay-color":"","overlay-opacity":"","overlay-gradient":""}},"footnotes":""},"class_list":["post-7171","page","type-page","status-publish","hentry"],"_links":{"self":[{"href":"https:\/\/solidrockministry.com.ar\/en\/wp-json\/wp\/v2\/pages\/7171","targetHints":{"allow":["GET"]}}],"collection":[{"href":"https:\/\/solidrockministry.com.ar\/en\/wp-json\/wp\/v2\/pages"}],"about":[{"href":"https:\/\/solidrockministry.com.ar\/en\/wp-json\/wp\/v2\/types\/page"}],"author":[{"embeddable":true,"href":"https:\/\/solidrockministry.com.ar\/en\/wp-json\/wp\/v2\/users\/2"}],"replies":[{"embeddable":true,"href":"https:\/\/solidrockministry.com.ar\/en\/wp-json\/wp\/v2\/comments?post=7171"}],"version-history":[{"count":0,"href":"https:\/\/solidrockministry.com.ar\/en\/wp-json\/wp\/v2\/pages\/7171\/revisions"}],"wp:attachment":[{"href":"https:\/\/solidrockministry.com.ar\/en\/wp-json\/wp\/v2\/media?parent=7171"}],"curies":[{"name":"wp","href":"https:\/\/api.w.org\/{rel}","templated":true}]}}